{"id":71,"date":"2014-04-06T18:40:53","date_gmt":"2014-04-06T16:40:53","guid":{"rendered":"http:\/\/www.dr-loewe-breisach.de\/wp\/?page_id=71"},"modified":"2025-03-23T16:48:37","modified_gmt":"2025-03-23T14:48:37","slug":"impressum","status":"publish","type":"page","link":"https:\/\/www.loewe-praxis.de\/?page_id=71","title":{"rendered":"Impressum"},"content":{"rendered":"<h4>Dr. med. Jacob Loewe<br \/>\nDr. med. Michaela Loewe<\/h4>\n<p><span style=\"line-height: 1.5em;\"><span style=\"line-height: 1.5em;\">Neuer Weg 14<br \/>\n<\/span><\/span>D-79206 Breisach<br \/>\nTelefon: +49 (0) 7667 \u2013 70 22<br \/>\nTelefax: +49 (0)\u00a07667 \u2013 94 20 88<br \/>\nE-Mail: <a href=\"mailto:info@loewe-praxis.de\">info@loewe-praxis.de<\/a><\/p>\n<h4>Verantwortliche\/r i.S.d. \u00a7 55 Abs. 2 RStV:<\/h4>\n<p>Dr. med. Jacob Loewe, Neuer Weg 14<\/p>\n<h4>Gesetzliche Berufsbezeichnung:<\/h4>\n<p>Arzt f\u00fcr Allgemeinmedizin<br \/>\nBerufsbezeichnung verliehen in der Bundesrepublik Deutschland<\/p>\n<h4>Zust\u00e4ndige \u00c4rztekammer:<\/h4>\n<p>Landes\u00e4rztekammer Baden-W\u00fcrttemberg<br \/>\nK\u00f6rperschaft des \u00f6ffentlichen Rechts<br \/>\nJahnstra\u00dfe 40<br \/>\n70597 Stuttgart<br \/>\nTelefon: 0711 &#8211; 76 98 90<br \/>\nTelefax: 0711 &#8211; 76 98 95 0<br \/>\nE-Mail: info (at) laek-bw (punkt) de<\/p>\n<h4>Kassen\u00e4rztliche Vereinigung:<\/h4>\n<p>Kassen\u00e4rztliche Vereinigung Baden-W\u00fcrttemberg<br \/>\nK\u00f6rperschaft des \u00f6ffentlichen Rechts<br \/>\nAlbstadtweg 11<br \/>\n70567 Stuttgart<br \/>\nTelefon: 0711 &#8211; 78 75 0<br \/>\nTelefax: 0711 &#8211; 78 75 32 74<br \/>\nE-Mail: <a href=\"mailto:info@kvbawue.de\">info@kvbawue.de<\/a><br \/>\nInternet: <a href=\"http:\/\/www.kvbawue.de\" target=\"_blank\" rel=\"noopener noreferrer\">www.kvbawue.de<\/a><\/p>\n<h4>Berufsordnung:<\/h4>\n<p>Die berufsrechtlichen Regelungen sind \u00fcber die Internetseiten der Landes\u00e4rztekammer Baden-W\u00fcrttemberg zug\u00e4nglich.<br \/>\nDer direkte Link lautet: <a href=\"http:\/\/www.aerztekammer-bw.de\" target=\"_blank\" rel=\"noopener noreferrer\">www.aerztekammer-bw.de<\/a><\/p>\n<h4>Webhosting:<\/h4>\n<p>Commeco Solutions GmbH<br \/>\n<a href=\"http:\/\/www.commeco.de\">www.commeco.de<\/a><\/p>\n<h4>Webproduktion &amp; Fotografie:<\/h4>\n<p>Marion Hamide<br \/>\n<a href=\"http:\/\/www.nativework.de\" target=\"_blank\" rel=\"noopener noreferrer\">www.nativework.de<\/a><\/p>\n<header class=\"entry-header\"><\/header>\n<div class=\"entry-content\">\n<\/div>\n","protected":false},"excerpt":{"rendered":"<p>Dr. med. Jacob Loewe Dr. med. Michaela Loewe Neuer Weg 14 D-79206 Breisach Telefon: +49 (0) 7667 \u2013 70 22 Telefax: +49 (0)\u00a07667 \u2013 94 20 88 E-Mail: info@loewe-praxis.de Verantwortliche\/r i.S.d. \u00a7 55 Abs. 2 RStV: Dr. med. Jacob Loewe, Neuer Weg 14 Gesetzliche Berufsbezeichnung: Arzt f\u00fcr Allgemeinmedizin Berufsbezeichnung verliehen in der Bundesrepublik Deutschland Zust\u00e4ndige [&hellip;]<\/p>\n","protected":false},"author":1,"featured_media":0,"parent":0,"menu_order":7,"comment_status":"closed","ping_status":"closed","template":"page-full-width.php","meta":{"footnotes":""},"class_list":["post-71","page","type-page","status-publish","hentry"],"_links":{"self":[{"href":"https:\/\/www.loewe-praxis.de\/index.php?rest_route=\/wp\/v2\/pages\/71","targetHints":{"allow":["GET"]}}],"collection":[{"href":"https:\/\/www.loewe-praxis.de\/index.php?rest_route=\/wp\/v2\/pages"}],"about":[{"href":"https:\/\/www.loewe-praxis.de\/index.php?rest_route=\/wp\/v2\/types\/page"}],"author":[{"embeddable":true,"href":"https:\/\/www.loewe-praxis.de\/index.php?rest_route=\/wp\/v2\/users\/1"}],"replies":[{"embeddable":true,"href":"https:\/\/www.loewe-praxis.de\/index.php?rest_route=%2Fwp%2Fv2%2Fcomments&post=71"}],"version-history":[{"count":6,"href":"https:\/\/www.loewe-praxis.de\/index.php?rest_route=\/wp\/v2\/pages\/71\/revisions"}],"predecessor-version":[{"id":1084,"href":"https:\/\/www.loewe-praxis.de\/index.php?rest_route=\/wp\/v2\/pages\/71\/revisions\/1084"}],"wp:attachment":[{"href":"https:\/\/www.loewe-praxis.de\/index.php?rest_route=%2Fwp%2Fv2%2Fmedia&parent=71"}],"curies":[{"name":"wp","href":"https:\/\/api.w.org\/{rel}","templated":true}]}}