{"id":69,"date":"2014-04-06T18:40:31","date_gmt":"2014-04-06T16:40:31","guid":{"rendered":"http:\/\/www.dr-loewe-breisach.de\/wp\/?page_id=69"},"modified":"2025-07-01T14:09:51","modified_gmt":"2025-07-01T12:09:51","slug":"kontakt","status":"publish","type":"page","link":"https:\/\/www.loewe-praxis.de\/?page_id=69","title":{"rendered":"Kontakt"},"content":{"rendered":"\n<div class=\"wp-block-columns is-layout-flex wp-container-core-columns-is-layout-9d6595d7 wp-block-columns-is-layout-flex\">\n<div class=\"wp-block-column is-layout-flow wp-block-column-is-layout-flow\">\n<h4 class=\"wp-block-heading\"><strong>Praxisgemeinschaft Dres. Loewe und Ceken<\/strong><\/h4>\n\n\n\n<p>Neuer Weg 14<br>79206 Breisach<\/p>\n\n\n\n<h5 class=\"wp-block-heading\">\u00d6ffnungszeiten:<\/h5>\n\n\n\n<p>Mo &#8211; Fr\u00a0       07:30 &#8211; 13:00<br>Mo, Di, Do \u00a014:00 &#8211; 17:00<\/p>\n\n\n\n<h5 class=\"wp-block-heading\"><\/h5>\n\n\n\n<p><br><\/p>\n<\/div>\n\n\n\n<div class=\"wp-block-column is-layout-flow wp-block-column-is-layout-flow\">\n<h4 class=\"wp-block-heading\"><strong>E-Mail Adressen f\u00fcr unsere Patienten<\/strong><\/h4>\n\n\n\n<p><a href=\"mailto:rezept@loewe-praxis.de\"><span class=\"has-inline-color has-vivid-red-color\">rezept@loewe-praxis.de<\/span><\/a> -&gt; Rezept- und \u00dcberweisungsanfragen<\/p>\n\n\n\n<p><a href=\"mailto:info@loewe-praxis.de\">info@loewe-praxis.de<\/a> -&gt; F\u00fcr allgemeine Anfragen an Dres. Loewe<br><a href=\"mailto:info@praxis-ceken.de\">info@praxis-ceken.de<\/a> -&gt; F\u00fcr allgemeine Anfragen an Dr. Ceken<\/p>\n\n\n\n<h5 class=\"wp-block-heading\">Telefon<\/h5>\n\n\n\n<p>Tel: 07667 &#8211; 70 22<br>Fax: 07667 &#8211; 94 20 88<br><\/p>\n\n\n\n<p><strong>\u00c4rztlicher Bereitschaftsdienst: &nbsp; 116 117<br>Notfall:&nbsp; 112<\/strong><\/p>\n<\/div>\n<\/div>\n\n\n\n<div class=\"wp-block-columns is-layout-flex wp-container-core-columns-is-layout-9d6595d7 wp-block-columns-is-layout-flex\">\n<div class=\"wp-block-column is-layout-flow wp-block-column-is-layout-flow\">\n<h5 class=\"wp-block-heading\">Allgemeine Notfallpraxis Freiburg (Erw.)<\/h5>\n\n\n\n<p>Universit\u00e4tsklinikum Freiburg<br>Hugstetter Str. 55<br>79106 Freiburg<\/p>\n<\/div>\n\n\n\n<div class=\"wp-block-column is-layout-flow wp-block-column-is-layout-flow\">\n<h5 class=\"wp-block-heading\">\u00d6ffnungszeiten:<\/h5>\n\n\n\n<p>Mo, Di, Do: 20-24 Uhr<br>Mi, Fr: 16-24 Uhr<br>Sa, So und an Feiertagen: 8-24 Uhr<\/p>\n<\/div>\n<\/div>\n\n\n\n<div class=\"wp-block-columns is-layout-flex wp-container-core-columns-is-layout-9d6595d7 wp-block-columns-is-layout-flex\">\n<div class=\"wp-block-column is-layout-flow wp-block-column-is-layout-flow\">\n<h5 class=\"wp-block-heading\">Erreichbarkeit<\/h5>\n\n\n\n<p>Die zentral gelegene Praxis ist zu Fu\u00df und Fahrrad gut erreichbar. Parkpl\u00e4tze sind ausreichend vorhanden, eine Bushaltestelle befindet sich in direkter N\u00e4he der der Praxis. Unsere Praxisr\u00e4ume sind <strong>barrierefrei<\/strong>.<\/p>\n\n\n\n<figure class=\"wp-block-image size-large\"><img decoding=\"async\" src=\"https:\/\/loewe-praxis.de\/wp-content\/uploads\/2014\/04\/barrierefrei-e1397314618771.jpg\" alt=\"\"\/><\/figure>\n<\/div>\n\n\n\n<div class=\"wp-block-column is-layout-flow wp-block-column-is-layout-flow\">\n<h5 class=\"wp-block-heading\">Vertretung<\/h5>\n\n\n\n<p>In Urlaubszeiten <strong>vertreten wir uns gegenseitig<\/strong>;<br>die Praxis bleibt ge\u00f6ffnet.<\/p>\n<\/div>\n<\/div>\n\n\n\n<p><\/p>\n","protected":false},"excerpt":{"rendered":"<p>Praxisgemeinschaft Dres. Loewe und Ceken Neuer Weg 1479206 Breisach \u00d6ffnungszeiten: Mo &#8211; Fr\u00a0 07:30 &#8211; 13:00Mo, Di, Do \u00a014:00 &#8211; 17:00 E-Mail Adressen f\u00fcr unsere Patienten rezept@loewe-praxis.de -&gt; Rezept- und \u00dcberweisungsanfragen info@loewe-praxis.de -&gt; F\u00fcr allgemeine Anfragen an Dres. Loeweinfo@praxis-ceken.de -&gt; F\u00fcr allgemeine Anfragen an Dr. Ceken Telefon Tel: 07667 &#8211; 70 22Fax: 07667 &#8211; 94 [&hellip;]<\/p>\n","protected":false},"author":1,"featured_media":0,"parent":0,"menu_order":6,"comment_status":"closed","ping_status":"closed","template":"page-full-width.php","meta":{"footnotes":""},"class_list":["post-69","page","type-page","status-publish","hentry"],"_links":{"self":[{"href":"https:\/\/www.loewe-praxis.de\/index.php?rest_route=\/wp\/v2\/pages\/69","targetHints":{"allow":["GET"]}}],"collection":[{"href":"https:\/\/www.loewe-praxis.de\/index.php?rest_route=\/wp\/v2\/pages"}],"about":[{"href":"https:\/\/www.loewe-praxis.de\/index.php?rest_route=\/wp\/v2\/types\/page"}],"author":[{"embeddable":true,"href":"https:\/\/www.loewe-praxis.de\/index.php?rest_route=\/wp\/v2\/users\/1"}],"replies":[{"embeddable":true,"href":"https:\/\/www.loewe-praxis.de\/index.php?rest_route=%2Fwp%2Fv2%2Fcomments&post=69"}],"version-history":[{"count":18,"href":"https:\/\/www.loewe-praxis.de\/index.php?rest_route=\/wp\/v2\/pages\/69\/revisions"}],"predecessor-version":[{"id":1096,"href":"https:\/\/www.loewe-praxis.de\/index.php?rest_route=\/wp\/v2\/pages\/69\/revisions\/1096"}],"wp:attachment":[{"href":"https:\/\/www.loewe-praxis.de\/index.php?rest_route=%2Fwp%2Fv2%2Fmedia&parent=69"}],"curies":[{"name":"wp","href":"https:\/\/api.w.org\/{rel}","templated":true}]}}