{"id":67,"date":"2014-04-06T18:40:04","date_gmt":"2014-04-06T16:40:04","guid":{"rendered":"http:\/\/www.dr-loewe-breisach.de\/wp\/?page_id=67"},"modified":"2023-07-25T12:17:21","modified_gmt":"2023-07-25T10:17:21","slug":"unsere-leistungen","status":"publish","type":"page","link":"https:\/\/www.loewe-praxis.de\/?page_id=67","title":{"rendered":"Unsere Leistungen"},"content":{"rendered":"<h3>Kassenleistungen<\/h3>\n<ul>\n<li>Ultraschall der Bauchorgane<\/li>\n<li>EKG und Belastungs-EKG<\/li>\n<li>Langzeit-Blutdruckmessung<\/li>\n<li>Lungenfunktionspr\u00fcfung<\/li>\n<li>Laboruntersuchungen<\/li>\n<li>Psychosomatische Grundversorgung<\/li>\n<li>Jugendschutzuntersuchung<\/li>\n<li>Pr\u00e4operative Vorbereitungen<\/li>\n<li>Postoperative Betreuung<\/li>\n<li>Wundversorgung<\/li>\n<li>Geriatrie (Altersmedizin) &amp; Palliativbegleitung<\/li>\n<li>Betreuung im Altenpflegeheim<\/li>\n<\/ul>\n<h3>Vorsorgeuntersuchungen<\/h3>\n<ul>\n<li>Jugendarbeitsschutzuntersuchung: bis 18 Jahre<\/li>\n<li>Gesundheits-Check-Up 18 bis 35 Jahre (einmalig)<\/li>\n<li>Gesundheits-Check-Up ab 35 Jahre (alle 3 Jahre)<\/li>\n<li>Hautkrebsvorsorge ab 35 Jahre (alle 2 Jahre)<\/li>\n<li>Krebsvorsorge Mann ab 45 Jahre (j\u00e4hrlich)<\/li>\n<\/ul>\n<h3>Chronikerbehandlungen (DMP-Gesundheitsprogramme)<\/h3>\n<ul>\n<li>DMP Diabetes Typ 2<\/li>\n<li>DMP KHK (Koronare Herzkrankheit)<\/li>\n<li>DMP Asthma \/ COPD<\/li>\n<\/ul>\n<h3>Impfungen entsprechend den Impfempfehlungen der STIKO<\/h3>\n<ul>\n<li>Schutzimpfungen bei Erwachsenen<\/li>\n<li>Reiseimpfungen<\/li>\n<\/ul>\n<h3>IGeL-Leistungen<\/h3>\n<p>IGeL-Leistungen sind \u00e4rztliche Leistungen, die wir Ihnen nach der\u00a0Geb\u00fchrenordnung f\u00fcr \u00c4rzte (GO\u00c4) in Rechnung stellen.<\/p>\n<ul>\n<li>Fahrtauglichkeitsuntersuchung<\/li>\n<li>Sporttauglichkeitsuntersuchung<\/li>\n<li>Tauchtauglichkeitsuntersuchung<\/li>\n<li>Reisemedizinische Beratung<\/li>\n<li>\u00c4rztliche Bescheinigungen aller Art f\u00fcr Beruf, Versicherungen und Beh\u00f6rden<\/li>\n<li>Beratung \u00fcber Patienten-Verf\u00fcgung und Vorsorgevollmacht<\/li>\n<li>Einzelne Laborleistungen<\/li>\n<li>Eigenbluttherapie<\/li>\n<\/ul>\n","protected":false},"excerpt":{"rendered":"<p>Kassenleistungen Ultraschall der Bauchorgane EKG und Belastungs-EKG Langzeit-Blutdruckmessung Lungenfunktionspr\u00fcfung Laboruntersuchungen Psychosomatische Grundversorgung Jugendschutzuntersuchung Pr\u00e4operative Vorbereitungen Postoperative Betreuung Wundversorgung Geriatrie (Altersmedizin) &amp; Palliativbegleitung Betreuung im Altenpflegeheim Vorsorgeuntersuchungen Jugendarbeitsschutzuntersuchung: bis 18 Jahre Gesundheits-Check-Up 18 bis 35 Jahre (einmalig) Gesundheits-Check-Up ab 35 Jahre (alle 3 Jahre) Hautkrebsvorsorge ab 35 Jahre (alle 2 Jahre) Krebsvorsorge Mann ab 45 Jahre [&hellip;]<\/p>\n","protected":false},"author":1,"featured_media":0,"parent":0,"menu_order":5,"comment_status":"closed","ping_status":"closed","template":"page-full-width.php","meta":{"footnotes":""},"class_list":["post-67","page","type-page","status-publish","hentry"],"_links":{"self":[{"href":"https:\/\/www.loewe-praxis.de\/index.php?rest_route=\/wp\/v2\/pages\/67","targetHints":{"allow":["GET"]}}],"collection":[{"href":"https:\/\/www.loewe-praxis.de\/index.php?rest_route=\/wp\/v2\/pages"}],"about":[{"href":"https:\/\/www.loewe-praxis.de\/index.php?rest_route=\/wp\/v2\/types\/page"}],"author":[{"embeddable":true,"href":"https:\/\/www.loewe-praxis.de\/index.php?rest_route=\/wp\/v2\/users\/1"}],"replies":[{"embeddable":true,"href":"https:\/\/www.loewe-praxis.de\/index.php?rest_route=%2Fwp%2Fv2%2Fcomments&post=67"}],"version-history":[{"count":5,"href":"https:\/\/www.loewe-praxis.de\/index.php?rest_route=\/wp\/v2\/pages\/67\/revisions"}],"predecessor-version":[{"id":961,"href":"https:\/\/www.loewe-praxis.de\/index.php?rest_route=\/wp\/v2\/pages\/67\/revisions\/961"}],"wp:attachment":[{"href":"https:\/\/www.loewe-praxis.de\/index.php?rest_route=%2Fwp%2Fv2%2Fmedia&parent=67"}],"curies":[{"name":"wp","href":"https:\/\/api.w.org\/{rel}","templated":true}]}}