{"id":65,"date":"2014-04-06T18:39:42","date_gmt":"2014-04-06T16:39:42","guid":{"rendered":"http:\/\/www.dr-loewe-breisach.de\/wp\/?page_id=65"},"modified":"2025-03-21T10:12:42","modified_gmt":"2025-03-21T08:12:42","slug":"rezept-und-terminanfragen","status":"publish","type":"page","link":"https:\/\/www.loewe-praxis.de\/?page_id=65","title":{"rendered":"Rezept- und \u00dcberweisungsanfragen"},"content":{"rendered":"\n<div class=\"wp-block-contact-form-7-contact-form-selector\">\n<div class=\"wpcf7 no-js\" id=\"wpcf7-f867-o1\" lang=\"de-DE\" dir=\"ltr\" data-wpcf7-id=\"867\">\n<div class=\"screen-reader-response\"><p role=\"status\" aria-live=\"polite\" aria-atomic=\"true\"><\/p> <ul><\/ul><\/div>\n<form action=\"\/index.php?rest_route=%2Fwp%2Fv2%2Fpages%2F65#wpcf7-f867-o1\" method=\"post\" class=\"wpcf7-form init wpcf7-acceptance-as-validation\" aria-label=\"Kontaktformular\" novalidate=\"novalidate\" data-status=\"init\">\n<fieldset class=\"hidden-fields-container\"><input type=\"hidden\" name=\"_wpcf7\" value=\"867\" \/><input type=\"hidden\" name=\"_wpcf7_version\" value=\"6.1.5\" \/><input type=\"hidden\" name=\"_wpcf7_locale\" value=\"de_DE\" \/><input type=\"hidden\" name=\"_wpcf7_unit_tag\" value=\"wpcf7-f867-o1\" \/><input type=\"hidden\" name=\"_wpcf7_container_post\" value=\"0\" \/><input type=\"hidden\" name=\"_wpcf7_posted_data_hash\" value=\"\" \/>\n<\/fieldset>\n<p><label> Medikament<br \/>\n<span class=\"wpcf7-form-control-wrap\" data-name=\"Medikament\"><input size=\"40\" maxlength=\"400\" class=\"wpcf7-form-control wpcf7-text wpcf7-validates-as-required\" aria-required=\"true\" aria-invalid=\"false\" value=\"\" type=\"text\" name=\"Medikament\" \/><\/span> <\/label>\n<\/p>\n<p><label> Patientenname<br \/>\n<span class=\"wpcf7-form-control-wrap\" data-name=\"Patientenname\"><input size=\"40\" maxlength=\"400\" class=\"wpcf7-form-control wpcf7-text wpcf7-validates-as-required\" aria-required=\"true\" aria-invalid=\"false\" value=\"\" type=\"text\" name=\"Patientenname\" \/><\/span> <\/label>\n<\/p>\n<p><label> Telefon<br \/>\n<span class=\"wpcf7-form-control-wrap\" data-name=\"Telefon\"><input size=\"40\" maxlength=\"400\" class=\"wpcf7-form-control wpcf7-text wpcf7-validates-as-required\" aria-required=\"true\" aria-invalid=\"false\" value=\"\" type=\"text\" name=\"Telefon\" \/><\/span> <\/label>\n<\/p>\n<p><label> EMail<br \/>\n<span class=\"wpcf7-form-control-wrap\" data-name=\"EMail\"><input size=\"40\" maxlength=\"400\" class=\"wpcf7-form-control wpcf7-email wpcf7-validates-as-required wpcf7-text wpcf7-validates-as-email\" aria-required=\"true\" aria-invalid=\"false\" value=\"\" type=\"email\" name=\"EMail\" \/><\/span> <\/label>\n<\/p>\n<p><label> Deine Nachricht (optional)<br \/>\n<span class=\"wpcf7-form-control-wrap\" data-name=\"Nachricht\"><textarea cols=\"40\" rows=\"10\" maxlength=\"2000\" class=\"wpcf7-form-control wpcf7-textarea\" aria-invalid=\"false\" name=\"Nachricht\"><\/textarea><\/span> <\/label>\n<\/p>\n<p class=\"datenschutz\"><br \/>\n<strong>Datenschutz<\/strong><br \/>\n<span class=\"wpcf7-form-control-wrap\" data-name=\"zustimmung-datenschutz\"><span class=\"wpcf7-form-control wpcf7-acceptance\"><span class=\"wpcf7-list-item\"><label><input type=\"checkbox\" name=\"zustimmung-datenschutz\" value=\"1\" aria-invalid=\"false\" \/><span class=\"wpcf7-list-item-label\">Ich stimme zu, dass meine Angaben aus dem Kontaktformular zur Beantwortung meiner Anfrage erhoben und verarbeitet werden. Die Daten werden f\u00fcr 10 Jahre gespeichert oder auf Wunsch gel\u00f6scht.\nHinweis: Sie k\u00f6nnen Ihre Einwilligung jederzeit f\u00fcr die Zukunft per E-Mail an info@loewe-praxis.de widerrufen. Detaillierte Informationen zum Umgang mit Nutzerdaten finden Sie in unserer <a href=\"https:\/\/www.loewe-praxis.de\/?page_id=698\">Datenschutzerkl\u00e4rung<\/a>.<\/span><\/label><\/span><\/span><\/span>\n<\/p>\n<p><span class=\"wpcf7-form-control-wrap kc_captcha\" data-name=\"kc_captcha\"><span class=\"wpcf7-form-control wpcf7-radio\"><span class=\"captcha-image\" ><span class=\"cf7ic_instructions\">Bitte beweise, dass du kein Spambot bist und w\u00e4hle das Symbol<span> Baum<\/span>.<\/span><label><input aria-label=\"1\" type=\"radio\" name=\"kc_captcha\" value=\"bot\" \/><svg aria-hidden=\"true\" role=\"img\" xmlns=\"http:\/\/www.w3.org\/2000\/svg\" viewBox=\"0 0 576 512\"><path fill=\"currentColor\" d=\"M415 24c-53 0-103 42-127 65-24-23-74-65-127-65C70 24 16 77 16 166c0 72 67 133 69 135l187 181c9 8 23 8 32 0l187-180c2-3 69-64 69-136 0-89-54-142-145-142z\"\/><\/svg><\/label><label><input aria-label=\"2\" type=\"radio\" name=\"kc_captcha\" value=\"bot\" \/><svg aria-hidden=\"true\" role=\"img\" xmlns=\"http:\/\/www.w3.org\/2000\/svg\" viewBox=\"0 0 576 512\"><path fill=\"currentColor\" d=\"M488 313v143c0 13-11 24-24 24H348c-7 0-12-5-12-12V356c0-7-5-12-12-12h-72c-7 0-12 5-12 12v112c0 7-5 12-12 12H112c-13 0-24-11-24-24V313c0-4 2-7 4-10l188-154c5-4 11-4 16 0l188 154c2 3 4 6 4 10zm84-61l-84-69V44c0-6-5-12-12-12h-56c-7 0-12 6-12 12v73l-89-74a48 48 0 00-61 0L4 252c-5 4-5 12-1 17l25 31c5 5 12 5 17 1l235-193c5-4 11-4 16 0l235 193c5 5 13 4 17-1l25-31c4-6 4-13-1-17z\"\/><\/svg><\/label><label><input aria-label=\"3\" type=\"radio\" name=\"kc_captcha\" value=\"kc_human\" \/><svg aria-hidden=\"true\" role=\"img\" xmlns=\"http:\/\/www.w3.org\/2000\/svg\" viewBox=\"0 0 384 512\"><path fill=\"currentColor\" d=\"M377 375l-83-87h34c21 0 32-25 17-40l-82-88h33c21 0 32-25 18-40L210 8c-10-11-26-11-36 0L70 120c-14 15-3 40 18 40h33l-82 88c-15 15-4 40 17 40h34L7 375c-15 16-4 41 17 41h120c0 33-11 49-34 68-12 9-5 28 10 28h144c15 0 22-19 10-28-20-16-34-32-34-68h120c21 0 32-25 17-41z\"\/><\/svg><\/label>\r\n    <\/span>\r\n    <span style=\"display:none\">\r\n        <input type=\"text\" name=\"kc_honeypot\">\r\n    <\/span><\/span><\/span><br \/>\n<input class=\"wpcf7-form-control wpcf7-submit has-spinner\" type=\"submit\" value=\"Senden\" \/>\n<\/p><div class=\"wpcf7-response-output\" aria-hidden=\"true\"><\/div>\n<\/form>\n<\/div>\n<\/div>\n\n\n\n<h2 class=\"wp-block-heading\">e-Rezept<\/h2>\n\n\n\n<p><strong>Ab 01.01.2024 Pflicht!<\/strong><br>Ab sofort werden Ihre Rezepte als&nbsp;<strong>e-Rezept<\/strong>&nbsp;ausgestellt. Dazu m\u00fcssen wir Ihre Versichertenkarte im aktuellen Quartal schon eingelesen haben.&nbsp;<strong>Vorteil f\u00fcr Sie:<\/strong>&nbsp;Sie brauchen danach nicht in der Praxis auf das Rezept warten oder nochmal in die Praxis kommen. Einfach Ihr e-Rezept mit der App oder der zugeh\u00f6rigen Versichertenkarte in der Apotheke einl\u00f6sen!<\/p>\n\n\n\n<figure class=\"wp-block-embed\"><div class=\"wp-block-embed__wrapper\">\nhttps:\/\/apps.apple.com\/de\/app\/das-e-rezept\/id1511792179?ign-itscg=30200&#038;ign-itsct=apps_box_badge\n<\/div><\/figure>\n\n\n\n<figure class=\"wp-block-embed\"><div class=\"wp-block-embed__wrapper\">\nhttps:\/\/play.google.com\/store\/apps\/details?id=de.gematik.ti.erp.app&#038;pcampaignid=pcampaignidMKT-Other-global-all-co-prtnr-py-PartBadge-Mar2515-1\n<\/div><\/figure>\n\n\n\n<p><strong>Weiterhin Papierrezept<\/strong><\/p>\n\n\n\n<p>Diese Verordnungen d\u00fcrfen \u00c4rzte auch nach dem 1. Januar 2024 weiterhin ausschlie\u00dflich auf Papier ausstellen:<\/p>\n\n\n\n<ul class=\"wp-block-list\">\n<li>BtM-Rezepte<\/li>\n\n\n\n<li>Verordnung von sonstigen nach \u00a7 31 SGB V einbezogenen Produkten (etwa Verbandmittel und Teststreifen)<\/li>\n\n\n\n<li>Verordnung von Hilfsmitteln<\/li>\n\n\n\n<li>Verordnung von Sprechstundenbedarf<\/li>\n\n\n\n<li>Verordnung von Blutprodukten, die von pharmazeutischen Unternehmen oder Gro\u00dfh\u00e4ndlern gem\u00e4\u00df \u00a7 47 AMG direkt an \u00c4rztinnen und \u00c4rzte abgegeben werden.<\/li>\n\n\n\n<li>Verordnungen von Digitalen Gesundheitsanwendungen wie Apps<\/li>\n\n\n\n<li>Enterale Ern\u00e4hrung<\/li>\n\n\n\n<li>Verordnungen zulasten von sonstigen Kostentr\u00e4gern, z. B. Sozialhilfe, Bundespolizei, Bundeswehr etc. (siehe\u00a0<a href=\"https:\/\/www.kbv.de\/html\/93.php\">Liste der sonstigen Kostentr\u00e4ger<\/a>)<\/li>\n\n\n\n<li>Verordnungen f\u00fcr im Ausland Versicherte<\/li>\n<\/ul>\n\n\n\n<p>Hinweis: Die privaten Krankenversicherer und die gematik arbeiten am eRezept f\u00fcr Privatversicherte.<\/p>\n","protected":false},"excerpt":{"rendered":"<p>e-Rezept Ab 01.01.2024 Pflicht!Ab sofort werden Ihre Rezepte als&nbsp;e-Rezept&nbsp;ausgestellt. Dazu m\u00fcssen wir Ihre Versichertenkarte im aktuellen Quartal schon eingelesen haben.&nbsp;Vorteil f\u00fcr Sie:&nbsp;Sie brauchen danach nicht in der Praxis auf das Rezept warten oder nochmal in die Praxis kommen. Einfach Ihr e-Rezept mit der App oder der zugeh\u00f6rigen Versichertenkarte in der Apotheke einl\u00f6sen! Weiterhin Papierrezept Diese [&hellip;]<\/p>\n","protected":false},"author":1,"featured_media":0,"parent":0,"menu_order":3,"comment_status":"closed","ping_status":"closed","template":"page-full-width.php","meta":{"footnotes":""},"class_list":["post-65","page","type-page","status-publish","hentry"],"_links":{"self":[{"href":"https:\/\/www.loewe-praxis.de\/index.php?rest_route=\/wp\/v2\/pages\/65","targetHints":{"allow":["GET"]}}],"collection":[{"href":"https:\/\/www.loewe-praxis.de\/index.php?rest_route=\/wp\/v2\/pages"}],"about":[{"href":"https:\/\/www.loewe-praxis.de\/index.php?rest_route=\/wp\/v2\/types\/page"}],"author":[{"embeddable":true,"href":"https:\/\/www.loewe-praxis.de\/index.php?rest_route=\/wp\/v2\/users\/1"}],"replies":[{"embeddable":true,"href":"https:\/\/www.loewe-praxis.de\/index.php?rest_route=%2Fwp%2Fv2%2Fcomments&post=65"}],"version-history":[{"count":8,"href":"https:\/\/www.loewe-praxis.de\/index.php?rest_route=\/wp\/v2\/pages\/65\/revisions"}],"predecessor-version":[{"id":1073,"href":"https:\/\/www.loewe-praxis.de\/index.php?rest_route=\/wp\/v2\/pages\/65\/revisions\/1073"}],"wp:attachment":[{"href":"https:\/\/www.loewe-praxis.de\/index.php?rest_route=%2Fwp%2Fv2%2Fmedia&parent=65"}],"curies":[{"name":"wp","href":"https:\/\/api.w.org\/{rel}","templated":true}]}}