{"id":57,"date":"2014-04-06T18:36:33","date_gmt":"2014-04-06T16:36:33","guid":{"rendered":"http:\/\/www.dr-loewe-breisach.de\/wp\/?page_id=57"},"modified":"2025-12-22T21:45:32","modified_gmt":"2025-12-22T19:45:32","slug":"startseite","status":"publish","type":"page","link":"https:\/\/www.loewe-praxis.de\/","title":{"rendered":""},"content":{"rendered":"\n<h1 class=\"wp-block-heading has-text-align-center\"><strong>Willkommen<\/strong><\/h1>\n\n\n\n<p class=\"has-text-align-center\">Wir sind Haus\u00e4rzte und k\u00fcmmern uns um alle Fragen Ihrer Gesundheit.<\/p>\n\n\n\n<p class=\"has-text-align-center\">In der Regel sind wir Ihre erste Anlaufstelle bei s\u00e4mtlichen gesundheitlichen Anliegen. Patienten aller Altersgruppen begleiten wir durch akute und chronische Erkrankungen.<\/p>\n\n\n\n<p class=\"has-text-align-center\">Im Mittelpunkt unserer Arbeit steht das \u00e4rztliche Gespr\u00e4ch. Auf dessen Grundlage leiten wir die notwendigen diagnostischen Schritte in der richtigen Reihenfolge ein.<\/p>\n\n\n\n<p class=\"has-text-align-center\">Es folgt die Befunderhebung durch die k\u00f6rperliche Untersuchung. Diese wird durch apparative Untersuchungen erg\u00e4nzt, die wir direkt in unserer Praxis anbieten k\u00f6nnen. In vielen F\u00e4llen ist dennoch eine \u00dcberweisung zu einem Facharzt erforderlich.<\/p>\n\n\n\n<p class=\"has-text-align-center\">Die Erkl\u00e4rung und Einordnung Ihrer Befunde sowie der Ergebnisse fach\u00e4rztlicher Untersuchungen und die daraus resultierenden therapeutischen Ma\u00dfnahmen geh\u00f6ren zu unseren t\u00e4glichen Aufgaben. Voraussetzung hierf\u00fcr ist die enge Zusammenarbeit mit Fachkollegen aller Disziplinen.<\/p>\n\n\n\n<p class=\"has-text-align-center\">Der therapeutische Prozess wird von uns kontinuierlich begleitet, angepasst und dokumentiert.<\/p>\n\n\n\n<p class=\"has-text-align-center\">Vorsorgeuntersuchungen sowie die Beratung zu gesundheitsf\u00f6rderndem Verhalten sind uns ein besonderes Anliegen.<\/p>\n\n\n\n<p class=\"has-text-align-center\"><strong>Ihr Praxisteam Dres. Loewe und Ceken<\/strong><\/p>\n\n\n\n<p><\/p>\n","protected":false},"excerpt":{"rendered":"<p>Willkommen Wir sind Haus\u00e4rzte und k\u00fcmmern uns um alle Fragen Ihrer Gesundheit. In der Regel sind wir Ihre erste Anlaufstelle bei s\u00e4mtlichen gesundheitlichen Anliegen. Patienten aller Altersgruppen begleiten wir durch akute und chronische Erkrankungen. Im Mittelpunkt unserer Arbeit steht das \u00e4rztliche Gespr\u00e4ch. Auf dessen Grundlage leiten wir die notwendigen diagnostischen Schritte in der richtigen Reihenfolge [&hellip;]<\/p>\n","protected":false},"author":1,"featured_media":829,"parent":0,"menu_order":0,"comment_status":"closed","ping_status":"closed","template":"page-full-width.php","meta":{"footnotes":""},"class_list":["post-57","page","type-page","status-publish","has-post-thumbnail","hentry"],"_links":{"self":[{"href":"https:\/\/www.loewe-praxis.de\/index.php?rest_route=\/wp\/v2\/pages\/57","targetHints":{"allow":["GET"]}}],"collection":[{"href":"https:\/\/www.loewe-praxis.de\/index.php?rest_route=\/wp\/v2\/pages"}],"about":[{"href":"https:\/\/www.loewe-praxis.de\/index.php?rest_route=\/wp\/v2\/types\/page"}],"author":[{"embeddable":true,"href":"https:\/\/www.loewe-praxis.de\/index.php?rest_route=\/wp\/v2\/users\/1"}],"replies":[{"embeddable":true,"href":"https:\/\/www.loewe-praxis.de\/index.php?rest_route=%2Fwp%2Fv2%2Fcomments&post=57"}],"version-history":[{"count":63,"href":"https:\/\/www.loewe-praxis.de\/index.php?rest_route=\/wp\/v2\/pages\/57\/revisions"}],"predecessor-version":[{"id":1105,"href":"https:\/\/www.loewe-praxis.de\/index.php?rest_route=\/wp\/v2\/pages\/57\/revisions\/1105"}],"wp:featuredmedia":[{"embeddable":true,"href":"https:\/\/www.loewe-praxis.de\/index.php?rest_route=\/wp\/v2\/media\/829"}],"wp:attachment":[{"href":"https:\/\/www.loewe-praxis.de\/index.php?rest_route=%2Fwp%2Fv2%2Fmedia&parent=57"}],"curies":[{"name":"wp","href":"https:\/\/api.w.org\/{rel}","templated":true}]}}